{"id":582,"date":"2019-01-29T17:24:20","date_gmt":"2019-01-29T16:24:20","guid":{"rendered":"https:\/\/www.pvs.sk\/?page_id=582"},"modified":"2023-05-25T17:24:49","modified_gmt":"2023-05-25T15:24:49","slug":"uvodna-stranka-2","status":"publish","type":"page","link":"https:\/\/www.pvs.sk\/","title":{"rendered":"\u00davodn\u00e1 str\u00e1nka"},"content":{"rendered":"<div class=\"csRow\">\n<div style=\"text-align: center;\"><\/div>\n<div class=\"csColumnGap\" style=\"margin: 0px; padding: 0px; float: left; width: 1.56%;\"><img style=\"border: none;\" src=\"https:\/\/www.pvs.sk\/wp-content\/plugins\/advanced-wp-columns\/assets\/js\/plugins\/views\/img\/1x1-pixel.png\" \/><\/div>\n<div class=\"csColumn\" style=\"margin: 0px; padding: 0px; float: left; width: 24%;\" data-csstartpoint=\"15\" data-csendpoint=\"245\" data-cswidth=\"24.0%\" data-csid=\"7e07e9b7-0cd2-f922-8195-faffd00783ea\">\n<p style=\"text-align: center;\"><a href=\"https:\/\/pvs.ekatalog.biz\/\" target=\"_blank\" rel=\"noopener\"><img loading=\"lazy\" class=\"alignnone wp-image-415\" src=\"http:\/\/www.pvs.sk\/wp-content\/uploads\/2018\/09\/ekatalog-circle.jpg\" alt=\"\" width=\"72\" height=\"72\" srcset=\"https:\/\/www.pvs.sk\/wp-content\/uploads\/2018\/09\/ekatalog-circle.jpg 150w, https:\/\/www.pvs.sk\/wp-content\/uploads\/2018\/09\/ekatalog-circle-100x100.jpg 100w, https:\/\/www.pvs.sk\/wp-content\/uploads\/2018\/09\/ekatalog-circle-80x80.jpg 80w\" sizes=\"(max-width: 72px) 100vw, 72px\" \/><\/a><\/p>\n<h2 style=\"text-align: center;\"><a href=\"https:\/\/pvs.ekatalog.biz\/\" target=\"_blank\" rel=\"noopener\">Ekatalog.<\/a><\/h2>\n<p style=\"text-align: center;\">Nakupujte online v na\u0161om internetovom obchode &#8211; n\u00e1jdete tam vy\u0161e 15 000 polo\u017eiek a online stav centr\u00e1lneho skladu. Doru\u010denie u\u017e na nasleduj\u00faci pracovn\u00fd de\u0148.<\/p>\n<\/div>\n<div class=\"csColumnGap\" style=\"margin: 0px; padding: 0px; float: left; width: 2.29%;\"><img style=\"border: none;\" src=\"https:\/\/www.pvs.sk\/wp-content\/plugins\/advanced-wp-columns\/assets\/js\/plugins\/views\/img\/1x1-pixel.png\" \/><\/div>\n<div class=\"csColumn\" style=\"margin: 0px; padding: 0px; float: left; width: 23.2%;\" data-csstartpoint=\"267\" data-csendpoint=\"490\" data-cswidth=\"23.2%\" data-csid=\"51fb3517-d4b1-9250-8eaa-9facc82a7c4b\">\n<h3 style=\"text-align: center;\"><a href=\"https:\/\/customers.pvs.sk\/TeamViewerQS.exe\" target=\"_blank\" rel=\"noopener\"><img loading=\"lazy\" class=\"alignnone wp-image-423\" src=\"http:\/\/www.pvs.sk\/wp-content\/uploads\/2018\/09\/teamviewer-circle2.jpg\" alt=\"\" width=\"72\" height=\"72\" srcset=\"https:\/\/www.pvs.sk\/wp-content\/uploads\/2018\/09\/teamviewer-circle2.jpg 150w, https:\/\/www.pvs.sk\/wp-content\/uploads\/2018\/09\/teamviewer-circle2-100x100.jpg 100w, https:\/\/www.pvs.sk\/wp-content\/uploads\/2018\/09\/teamviewer-circle2-80x80.jpg 80w\" sizes=\"(max-width: 72px) 100vw, 72px\" \/><\/a><\/h3>\n<h2 style=\"text-align: center;\"><a href=\"https:\/\/customers.pvs.sk\/TeamViewerQS.exe\">Vzdialen\u00e1 technick\u00e1 podpora.<\/a><\/h2>\n<p style=\"text-align: center;\">Pom\u00f4\u017eeme v\u00e1m pripojen\u00edm sa na v\u00e1\u0161 po\u010d\u00edta\u010d cez vzdialen\u00fa pracovn\u00fa plochu.<\/p>\n<\/div>\n<div class=\"csColumnGap\" style=\"margin: 0px; padding: 0px; float: left; width: 1.35%;\"><img style=\"border: none;\" src=\"https:\/\/www.pvs.sk\/wp-content\/plugins\/advanced-wp-columns\/assets\/js\/plugins\/views\/img\/1x1-pixel.png\" \/><\/div>\n<div class=\"csColumn\" style=\"margin: 0px; padding: 0px; float: left; width: 24%;\" data-csstartpoint=\"503\" data-csendpoint=\"733\" data-cswidth=\"24.0%\" data-csid=\"5c8bf580-52ff-d9fc-a117-e10d4a5234dc\">\n<h2 style=\"text-align: center;\"><a href=\"http:\/\/www.pvs.sk\/wp-content\/uploads\/2018\/09\/comfor.pdf\" target=\"_blank\" rel=\"noopener\"><img loading=\"lazy\" class=\"alignnone wp-image-419\" src=\"http:\/\/www.pvs.sk\/wp-content\/uploads\/2018\/09\/akcie-circle.jpg\" alt=\"\" width=\"72\" height=\"72\" srcset=\"https:\/\/www.pvs.sk\/wp-content\/uploads\/2018\/09\/akcie-circle.jpg 150w, https:\/\/www.pvs.sk\/wp-content\/uploads\/2018\/09\/akcie-circle-100x100.jpg 100w, https:\/\/www.pvs.sk\/wp-content\/uploads\/2018\/09\/akcie-circle-80x80.jpg 80w\" sizes=\"(max-width: 72px) 100vw, 72px\" \/><\/a><\/h2>\n<h2 style=\"text-align: center;\"><a href=\"http:\/\/www.pvs.sk\/wp-content\/uploads\/2018\/09\/comfor.pdf\" target=\"_blank\" rel=\"noopener\">Akcie.<\/a><\/h2>\n<p style=\"text-align: center;\">Sme s\u00fa\u010das\u0165ou ve\u013ekej predajnej siete Comfor. Tu n\u00e1jdete aktu\u00e1lne akcie.<img style=\"border: none;\" src=\"https:\/\/www.pvs.sk\/wp-content\/plugins\/advanced-wp-columns\/assets\/js\/plugins\/views\/img\/1x1-pixel.png\" \/><\/p>\n<\/div>\n<div class=\"csColumnGap\" style=\"margin: 0px; padding: 0px; float: left; width: 23.6%;\">\n<h2 style=\"text-align: center;\"><a href=\"https:\/\/pvs.itobchod.sk\" target=\"_blank\" rel=\"noopener\"><img loading=\"lazy\" class=\"alignnone wp-image-588\" src=\"https:\/\/www.pvs.sk\/wp-content\/uploads\/2019\/01\/itobchod-circle.png\" alt=\"\" width=\"72\" height=\"72\" srcset=\"https:\/\/www.pvs.sk\/wp-content\/uploads\/2019\/01\/itobchod-circle.png 150w, https:\/\/www.pvs.sk\/wp-content\/uploads\/2019\/01\/itobchod-circle-80x80.png 80w, https:\/\/www.pvs.sk\/wp-content\/uploads\/2019\/01\/itobchod-circle-100x100.png 100w\" sizes=\"(max-width: 72px) 100vw, 72px\" \/><\/a><\/h2>\n<h2 style=\"text-align: center;\"><a href=\"http:\/\/pvs.techsaver.sk\" target=\"_blank\" rel=\"noopener\">PVS refurbished eshop<\/a><\/h2>\n<p style=\"text-align: center;\">Ako partner refurbished sme pripravili nov\u00fd internetov\u00fd obchod s repasovanou v\u00fdpo\u010dtovou technikou.<\/p>\n<\/div>\n<p><script id=\"Cookiebot\" src=\"https:\/\/consent.cookiebot.com\/uc.js\" data-cbid=\"b6516564-eb4e-45e2-bac3-79ab497afa17\" data-blockingmode=\"auto\" type=\"text\/javascript\"><\/script><\/p>\n","protected":false},"excerpt":{"rendered":"<p>Ekatalog. Nakupujte online v na\u0161om internetovom obchode &#8211; n\u00e1jdete tam vy\u0161e 15 000 polo\u017eiek a online stav centr\u00e1lneho skladu. Doru\u010denie u\u017e na nasleduj\u00faci pracovn\u00fd de\u0148. Vzdialen\u00e1 technick\u00e1 podpora. Pom\u00f4\u017eeme v\u00e1m pripojen\u00edm sa na v\u00e1\u0161 po\u010d\u00edta\u010d cez vzdialen\u00fa pracovn\u00fa plochu. Akcie. Sme s\u00fa\u010das\u0165ou ve\u013ekej predajnej siete Comfor. Tu n\u00e1jdete aktu\u00e1lne akcie. PVS refurbished eshop Ako partner&hellip;<\/p>\n<p class=\"more-link\"><a href=\"https:\/\/www.pvs.sk\/\" class=\"themebutton\">Read More<\/a><\/p>\n","protected":false},"author":1,"featured_media":0,"parent":0,"menu_order":0,"comment_status":"closed","ping_status":"closed","template":"","meta":{"spay_email":""},"jetpack_sharing_enabled":true,"jetpack_shortlink":"https:\/\/wp.me\/PaiIs7-9o","_links":{"self":[{"href":"https:\/\/www.pvs.sk\/index.php?rest_route=\/wp\/v2\/pages\/582"}],"collection":[{"href":"https:\/\/www.pvs.sk\/index.php?rest_route=\/wp\/v2\/pages"}],"about":[{"href":"https:\/\/www.pvs.sk\/index.php?rest_route=\/wp\/v2\/types\/page"}],"author":[{"embeddable":true,"href":"https:\/\/www.pvs.sk\/index.php?rest_route=\/wp\/v2\/users\/1"}],"replies":[{"embeddable":true,"href":"https:\/\/www.pvs.sk\/index.php?rest_route=%2Fwp%2Fv2%2Fcomments&post=582"}],"version-history":[{"count":35,"href":"https:\/\/www.pvs.sk\/index.php?rest_route=\/wp\/v2\/pages\/582\/revisions"}],"predecessor-version":[{"id":917,"href":"https:\/\/www.pvs.sk\/index.php?rest_route=\/wp\/v2\/pages\/582\/revisions\/917"}],"wp:attachment":[{"href":"https:\/\/www.pvs.sk\/index.php?rest_route=%2Fwp%2Fv2%2Fmedia&parent=582"}],"curies":[{"name":"wp","href":"https:\/\/api.w.org\/{rel}","templated":true}]}}